{"id":1119,"date":"2022-07-08T15:23:46","date_gmt":"2022-07-08T13:23:46","guid":{"rendered":"https:\/\/antidote-solutions.com\/accueil-2\/"},"modified":"2025-02-05T14:58:28","modified_gmt":"2025-02-05T13:58:28","slug":"accueil-2","status":"publish","type":"page","link":"https:\/\/antidote-solutions.com\/en\/accueil-2\/","title":{"rendered":"Accueil"},"content":{"rendered":"\n\n<section class=\"hero_hp\" style=\"background-color: #3B3B3B\">\n\t<div class=\"hero_hp__inner\">\n\t\t<img loading=\"lazy\" decoding=\"async\" width=\"402\" height=\"160\" src=\"https:\/\/antidote-solutions.com\/wp-content\/uploads\/2022\/07\/maillon-accueil.svg\" class=\"attachment-full size-full\" alt=\"\" \/>\t\t<h1>\n\t\t\tBo\u00eete \u00e0 solutions, studio design, atelier de cr\u00e9ation, centre de prototypage, brasseur d\u2019id\u00e9es ing\u00e9nieuses\u2026\t\t<\/h1>\n\t\t<p>\n\t\t\tLe bureau d&#8217;\u00e9tudes panoramique pour tous les projets de mobilit\u00e9 l\u00e9g\u00e8re\t\t<\/p>\n\t\t<button>\n\t\t\t<a href=\"\/#\">nos m\u00e9tiers<\/a>\n\t\t<\/button>\n\t<\/div>\n<\/section>\n\n\n<div class=\"gb-container gb-container-a0b4dfaa\" id=\"project-grid\"><div class=\"gb-inside-container\">\n<div class=\"gb-container gb-container-83afeb6e\"><div class=\"gb-inside-container\">\n\n<div class=\"gb-grid-wrapper gb-grid-wrapper-bf313072 gb-query-loop-wrapper\">\n<div class=\"gb-grid-column gb-grid-column-14305f22 gb-query-loop-item post-2951 projets type-projets status-publish has-post-thumbnail hentry\"><div class=\"gb-container gb-container-14305f22\"><div class=\"gb-inside-container\">\n<div class=\"gb-grid-wrapper gb-grid-wrapper-300ddd82\">\n<div class=\"gb-grid-column gb-grid-column-66fd7a35\"><div class=\"gb-container gb-container-66fd7a35 overflow\"><div class=\"gb-inside-container\">\n<h2 class=\"gb-headline gb-headline-2795fa26 gb-headline-text\">Pony<\/h2>\n\n<h2 class=\"gb-headline gb-headline-5ed8f5b8 gb-headline-text\"><p>More robust, more affordable, and Made In France<\/p>\n<\/h2>\n<\/div><\/div><\/div>\n\n<div class=\"gb-grid-column gb-grid-column-9cc76010\"><div class=\"gb-container gb-container-9cc76010\"><div class=\"gb-inside-container\">\n\n<\/div><\/div><\/div>\n<\/div>\n<\/div><\/div><\/div>\n\n<div class=\"gb-grid-column gb-grid-column-14305f22 gb-query-loop-item post-2497 projets type-projets status-publish has-post-thumbnail hentry\"><div class=\"gb-container gb-container-14305f22\"><div class=\"gb-inside-container\">\n<div class=\"gb-grid-wrapper gb-grid-wrapper-300ddd82\">\n<div class=\"gb-grid-column gb-grid-column-66fd7a35\"><div class=\"gb-container gb-container-66fd7a35 overflow\"><div class=\"gb-inside-container\">\n<h2 class=\"gb-headline gb-headline-2795fa26 gb-headline-text\">Sunn Radical<\/h2>\n\n<h2 class=\"gb-headline gb-headline-5ed8f5b8 gb-headline-text\"><p>The iconic bike of an emblematic brand.<\/p>\n<\/h2>\n<\/div><\/div><\/div>\n\n<div class=\"gb-grid-column gb-grid-column-9cc76010\"><div class=\"gb-container gb-container-9cc76010\"><div class=\"gb-inside-container\">\n\n<\/div><\/div><\/div>\n<\/div>\n<\/div><\/div><\/div>\n\n<div class=\"gb-grid-column gb-grid-column-14305f22 gb-query-loop-item post-2270 projets type-projets status-publish has-post-thumbnail hentry\"><div class=\"gb-container gb-container-14305f22\"><div class=\"gb-inside-container\">\n<div class=\"gb-grid-wrapper gb-grid-wrapper-300ddd82\">\n<div class=\"gb-grid-column gb-grid-column-66fd7a35\"><div class=\"gb-container gb-container-66fd7a35 overflow\"><div class=\"gb-inside-container\">\n<h2 class=\"gb-headline gb-headline-2795fa26 gb-headline-text\">Pamela Bikes<\/h2>\n\n<h2 class=\"gb-headline gb-headline-5ed8f5b8 gb-headline-text\"><p>An urban e-bike, the codes of BMX and the 80s<\/p>\n<\/h2>\n<\/div><\/div><\/div>\n\n<div class=\"gb-grid-column gb-grid-column-9cc76010\"><div class=\"gb-container gb-container-9cc76010\"><div class=\"gb-inside-container\">\n\n<\/div><\/div><\/div>\n<\/div>\n<\/div><\/div><\/div>\n\n<div class=\"gb-grid-column gb-grid-column-14305f22 gb-query-loop-item post-2108 projets type-projets status-publish has-post-thumbnail hentry\"><div class=\"gb-container gb-container-14305f22\"><div class=\"gb-inside-container\">\n<div class=\"gb-grid-wrapper gb-grid-wrapper-300ddd82\">\n<div class=\"gb-grid-column gb-grid-column-66fd7a35\"><div class=\"gb-container gb-container-66fd7a35 overflow\"><div class=\"gb-inside-container\">\n<h2 class=\"gb-headline gb-headline-2795fa26 gb-headline-text\">Vefaa<\/h2>\n\n<h2 class=\"gb-headline gb-headline-5ed8f5b8 gb-headline-text\"><p>The easy-to-adopt electric bike<\/p>\n<\/h2>\n<\/div><\/div><\/div>\n\n<div class=\"gb-grid-column gb-grid-column-9cc76010\"><div class=\"gb-container gb-container-9cc76010\"><div class=\"gb-inside-container\">\n<figure class=\"gb-block-image gb-block-image-373b3b9a\"><a href=\"https:\/\/antidote-solutions.com\/en\/projets\/vefaa\/\"><img decoding=\"async\" class=\"gb-image-373b3b9a quatre-tiers\" src=\"https:\/\/antidote-solutions.com\/wp-content\/uploads\/2024\/10\/vefaa-vignettehome@1x.png\" \/><\/a><\/figure>\n<\/div><\/div><\/div>\n<\/div>\n<\/div><\/div><\/div>\n\n<div class=\"gb-grid-column gb-grid-column-14305f22 gb-query-loop-item post-1855 projets type-projets status-publish has-post-thumbnail hentry\"><div class=\"gb-container gb-container-14305f22\"><div class=\"gb-inside-container\">\n<div class=\"gb-grid-wrapper gb-grid-wrapper-300ddd82\">\n<div class=\"gb-grid-column gb-grid-column-66fd7a35\"><div class=\"gb-container gb-container-66fd7a35 overflow\"><div class=\"gb-inside-container\">\n<h2 class=\"gb-headline gb-headline-2795fa26 gb-headline-text\">Maillon Mobility<\/h2>\n\n<h2 class=\"gb-headline gb-headline-5ed8f5b8 gb-headline-text\"><div>\n<p><span lang=\"EN-US\">Three wheels &#8211; the new standard\u00a0<\/span><\/p>\n<\/div>\n<\/h2>\n<\/div><\/div><\/div>\n\n<div class=\"gb-grid-column gb-grid-column-9cc76010\"><div class=\"gb-container gb-container-9cc76010\"><div class=\"gb-inside-container\">\n\n<\/div><\/div><\/div>\n<\/div>\n<\/div><\/div><\/div>\n\n<div class=\"gb-grid-column gb-grid-column-14305f22 gb-query-loop-item post-1742 projets type-projets status-publish has-post-thumbnail hentry\"><div class=\"gb-container gb-container-14305f22\"><div class=\"gb-inside-container\">\n<div class=\"gb-grid-wrapper gb-grid-wrapper-300ddd82\">\n<div class=\"gb-grid-column gb-grid-column-66fd7a35\"><div class=\"gb-container gb-container-66fd7a35 overflow\"><div class=\"gb-inside-container\">\n<h2 class=\"gb-headline gb-headline-2795fa26 gb-headline-text\">Compagnon<\/h2>\n\n<h2 class=\"gb-headline gb-headline-5ed8f5b8 gb-headline-text\"><p>Travel and everyday bikes<\/p>\n<\/h2>\n<\/div><\/div><\/div>\n\n<div class=\"gb-grid-column gb-grid-column-9cc76010\"><div class=\"gb-container gb-container-9cc76010\"><div class=\"gb-inside-container\">\n\n<\/div><\/div><\/div>\n<\/div>\n<\/div><\/div><\/div>\n<\/div>\n\n<\/div><\/div>\n<\/div><\/div>\n\n<div class=\"gb-container gb-container-faf345f8 alignfull\"><div class=\"gb-inside-container\">\n<div class=\"gb-button-wrapper gb-button-wrapper-a8be450e\">\n\n<a class=\"gb-button gb-button-fd55de5c gb-button-text gb-button-a471cc21\" href=\"https:\/\/antidote-solutions.com\/projets\/\">tous les projets<\/a>\n\n<\/div>\n<\/div><\/div>","protected":false},"excerpt":{"rendered":"","protected":false},"author":1,"featured_media":0,"parent":0,"menu_order":0,"comment_status":"closed","ping_status":"closed","template":"","meta":{"_acf_changed":false,"_seopress_robots_primary_cat":"","_seopress_titles_title":"","_seopress_titles_desc":"","_seopress_robots_index":"","inline_featured_image":false,"footnotes":""},"class_list":["post-1119","page","type-page","status-publish"],"acf":[],"_links":{"self":[{"href":"https:\/\/antidote-solutions.com\/en\/wp-json\/wp\/v2\/pages\/1119","targetHints":{"allow":["GET"]}}],"collection":[{"href":"https:\/\/antidote-solutions.com\/en\/wp-json\/wp\/v2\/pages"}],"about":[{"href":"https:\/\/antidote-solutions.com\/en\/wp-json\/wp\/v2\/types\/page"}],"author":[{"embeddable":true,"href":"https:\/\/antidote-solutions.com\/en\/wp-json\/wp\/v2\/users\/1"}],"replies":[{"embeddable":true,"href":"https:\/\/antidote-solutions.com\/en\/wp-json\/wp\/v2\/comments?post=1119"}],"version-history":[{"count":3,"href":"https:\/\/antidote-solutions.com\/en\/wp-json\/wp\/v2\/pages\/1119\/revisions"}],"predecessor-version":[{"id":2274,"href":"https:\/\/antidote-solutions.com\/en\/wp-json\/wp\/v2\/pages\/1119\/revisions\/2274"}],"wp:attachment":[{"href":"https:\/\/antidote-solutions.com\/en\/wp-json\/wp\/v2\/media?parent=1119"}],"curies":[{"name":"wp","href":"https:\/\/api.w.org\/{rel}","templated":true}]}}