{"id":1201,"date":"2022-07-07T12:21:08","date_gmt":"2022-07-07T10:21:08","guid":{"rendered":"https:\/\/antidote-solutions.com\/bureau\/"},"modified":"2025-10-30T12:10:40","modified_gmt":"2025-10-30T11:10:40","slug":"bureau","status":"publish","type":"page","link":"https:\/\/antidote-solutions.com\/en\/bureau\/","title":{"rendered":"The team"},"content":{"rendered":"\n<section class=\"hero_interne\">\n\t<div class=\"hero_interne__inner\" >\n\t\t<div class=\"hero_interne__breadcrumb\">\n\t\t\t<h1>The team<\/h1>\t\t<\/div>\n\t\t<div class=\"hero_interne__baseline\">\n\t\t\t<p>\n\t\t\t\t<span>Based in the Pyrenees mountains since 2010, pioneers in our approach, we know how complex and multi-faceted the micromobility challenges are. <\/span><br> Our design office brings together the complementary skills essential to the a comprehensive and panoramic approach of a light vehicle project. \t\t\t<\/p>\n\t\t<\/div>\n\t\t<div class=\"hero_interne__button\">\n\t\t\t<a\n\t\t\t\thref=\"\/#\"><img loading=\"lazy\" decoding=\"async\" width=\"150\" height=\"150\" src=\"https:\/\/antidote-solutions.com\/wp-content\/uploads\/2022\/07\/chevron-en-bas-150x150.png\" class=\"attachment-thumbnail size-thumbnail\" alt=\"\" srcset=\"https:\/\/antidote-solutions.com\/wp-content\/uploads\/2022\/07\/chevron-en-bas-150x150.png 150w, https:\/\/antidote-solutions.com\/wp-content\/uploads\/2022\/07\/chevron-en-bas-300x300.png 300w, https:\/\/antidote-solutions.com\/wp-content\/uploads\/2022\/07\/chevron-en-bas.png 512w\" sizes=\"auto, (max-width: 150px) 100vw, 150px\" \/><\/a>\n\t\t<\/div>\n\t<\/div>\n<\/section>\n\n\n\n<section class=\"bureau\">\n\t<div class=\"bureau__inner\">\n\t\t<div class=\"bureau__header yellow\">\n\t\t\t<h2>core team<\/h2>\n\t\t<\/div>\n\t\t<div class=\"bureau__cards\">\n\t\t\t<ul>\n\t\t\t\t\t\t\t\t\t\t\t\t\t<div class=\"bureau__card\">\n\n\t\t\t\t\t<img loading=\"lazy\" decoding=\"async\" width=\"150\" height=\"150\" src=\"https:\/\/antidote-solutions.com\/wp-content\/uploads\/2024\/02\/Alex-Guiral-portrait-1-150x150.png\" class=\"attachment-thumbnail size-thumbnail\" alt=\"\" srcset=\"https:\/\/antidote-solutions.com\/wp-content\/uploads\/2024\/02\/Alex-Guiral-portrait-1-150x150.png 150w, https:\/\/antidote-solutions.com\/wp-content\/uploads\/2024\/02\/Alex-Guiral-portrait-1-300x300.png 300w, https:\/\/antidote-solutions.com\/wp-content\/uploads\/2024\/02\/Alex-Guiral-portrait-1.png 412w\" sizes=\"auto, (max-width: 150px) 100vw, 150px\" \/>\t\t\t\t\t<h3>Alexandre Guiral<\/h3>\n\t\t\t\t\t<p>Founder and coordinator<br>\r\nProject management &#8211; engineering &#8211; electronic cycle<\/p>\n\t\t\t\t<\/div>\n\t\t\t\t\t\t\t\t\t\t\t\t\t<div class=\"bureau__card\">\n\n\t\t\t\t\t<img loading=\"lazy\" decoding=\"async\" width=\"150\" height=\"150\" src=\"https:\/\/antidote-solutions.com\/wp-content\/uploads\/2024\/02\/Fred-Bernard-portrait-1-150x150.png\" class=\"attachment-thumbnail size-thumbnail\" alt=\"\" srcset=\"https:\/\/antidote-solutions.com\/wp-content\/uploads\/2024\/02\/Fred-Bernard-portrait-1-150x150.png 150w, https:\/\/antidote-solutions.com\/wp-content\/uploads\/2024\/02\/Fred-Bernard-portrait-1-300x300.png 300w, https:\/\/antidote-solutions.com\/wp-content\/uploads\/2024\/02\/Fred-Bernard-portrait-1.png 412w\" sizes=\"auto, (max-width: 150px) 100vw, 150px\" \/>\t\t\t\t\t<h3>Fr\u00e9d\u00e9ric Bernard<\/h3>\n\t\t\t\t\t<p>Founder and coordinator <br>\r\nEngineering &#8211; project management &#8211; product strategy<\/p>\n\t\t\t\t<\/div>\n\t\t\t\t\t\t\t\t\t\t\t\t\t<div class=\"bureau__card\">\n\n\t\t\t\t\t<img loading=\"lazy\" decoding=\"async\" width=\"150\" height=\"150\" src=\"https:\/\/antidote-solutions.com\/wp-content\/uploads\/2022\/07\/Yann-Cano-150x150.png\" class=\"attachment-thumbnail size-thumbnail\" alt=\"\" srcset=\"https:\/\/antidote-solutions.com\/wp-content\/uploads\/2022\/07\/Yann-Cano-150x150.png 150w, https:\/\/antidote-solutions.com\/wp-content\/uploads\/2022\/07\/Yann-Cano-300x300.png 300w, https:\/\/antidote-solutions.com\/wp-content\/uploads\/2022\/07\/Yann-Cano.png 412w\" sizes=\"auto, (max-width: 150px) 100vw, 150px\" \/>\t\t\t\t\t<h3>Yann Cano<\/h3>\n\t\t\t\t\t<p>Cycle engineering<br>\r\nProject manager<\/p>\n\t\t\t\t<\/div>\n\t\t\t\t\t\t\t\t\t\t\t\t\t<div class=\"bureau__card\">\n\n\t\t\t\t\t<img loading=\"lazy\" decoding=\"async\" width=\"150\" height=\"150\" src=\"https:\/\/antidote-solutions.com\/wp-content\/uploads\/2024\/12\/Hugo-Rouland-portrait-150x150.png\" class=\"attachment-thumbnail size-thumbnail\" alt=\"\" srcset=\"https:\/\/antidote-solutions.com\/wp-content\/uploads\/2024\/12\/Hugo-Rouland-portrait-150x150.png 150w, https:\/\/antidote-solutions.com\/wp-content\/uploads\/2024\/12\/Hugo-Rouland-portrait-300x300.png 300w, https:\/\/antidote-solutions.com\/wp-content\/uploads\/2024\/12\/Hugo-Rouland-portrait-400x400.png 400w, https:\/\/antidote-solutions.com\/wp-content\/uploads\/2024\/12\/Hugo-Rouland-portrait.png 412w\" sizes=\"auto, (max-width: 150px) 100vw, 150px\" \/>\t\t\t\t\t<h3>Hugo Rouland<\/h3>\n\t\t\t\t\t<p>Design engineer<br>Engineering \u2013 electronic cycle<\/p>\n\t\t\t\t<\/div>\n\t\t\t\t\t\t\t\t\t\t\t\t\t<div class=\"bureau__card\">\n\n\t\t\t\t\t<img loading=\"lazy\" decoding=\"async\" width=\"150\" height=\"150\" src=\"https:\/\/antidote-solutions.com\/wp-content\/uploads\/2024\/02\/Nathan-Ducroq-portrait-150x150.png\" class=\"attachment-thumbnail size-thumbnail\" alt=\"\" srcset=\"https:\/\/antidote-solutions.com\/wp-content\/uploads\/2024\/02\/Nathan-Ducroq-portrait-150x150.png 150w, https:\/\/antidote-solutions.com\/wp-content\/uploads\/2024\/02\/Nathan-Ducroq-portrait-300x300.png 300w, https:\/\/antidote-solutions.com\/wp-content\/uploads\/2024\/02\/Nathan-Ducroq-portrait.png 412w\" sizes=\"auto, (max-width: 150px) 100vw, 150px\" \/>\t\t\t\t\t<h3>Nathan Ducroq<\/h3>\n\t\t\t\t\t<p>Design engineer<br>\r\nDesign \u2013 modeling <br> Structural calculation (FEA)<\/p>\n\t\t\t\t<\/div>\n\t\t\t\t\t\t\t\t\t\t\t\t\t<div class=\"bureau__card\">\n\n\t\t\t\t\t<img loading=\"lazy\" decoding=\"async\" width=\"150\" height=\"150\" src=\"https:\/\/antidote-solutions.com\/wp-content\/uploads\/2024\/02\/Eric-Muzy-portrait-150x150.png\" class=\"attachment-thumbnail size-thumbnail\" alt=\"\" srcset=\"https:\/\/antidote-solutions.com\/wp-content\/uploads\/2024\/02\/Eric-Muzy-portrait-150x150.png 150w, https:\/\/antidote-solutions.com\/wp-content\/uploads\/2024\/02\/Eric-Muzy-portrait-300x300.png 300w, https:\/\/antidote-solutions.com\/wp-content\/uploads\/2024\/02\/Eric-Muzy-portrait.png 412w\" sizes=\"auto, (max-width: 150px) 100vw, 150px\" \/>\t\t\t\t\t<h3>\u00c9ric Muzy<\/h3>\n\t\t\t\t\t<p>Product component manager<br> Sourcing and strategy<\/p>\n\t\t\t\t<\/div>\n\t\t\t\t\t\t\t\t\t\t\t\t\t<div class=\"bureau__card\">\n\n\t\t\t\t\t<img loading=\"lazy\" decoding=\"async\" width=\"150\" height=\"150\" src=\"https:\/\/antidote-solutions.com\/wp-content\/uploads\/2024\/02\/Denis-Vinet-portrait-150x150.png\" class=\"attachment-thumbnail size-thumbnail\" alt=\"\" srcset=\"https:\/\/antidote-solutions.com\/wp-content\/uploads\/2024\/02\/Denis-Vinet-portrait-150x150.png 150w, https:\/\/antidote-solutions.com\/wp-content\/uploads\/2024\/02\/Denis-Vinet-portrait-300x300.png 300w, https:\/\/antidote-solutions.com\/wp-content\/uploads\/2024\/02\/Denis-Vinet-portrait.png 412w\" sizes=\"auto, (max-width: 150px) 100vw, 150px\" \/>\t\t\t\t\t<h3>Denis Vinet<\/h3>\n\t\t\t\t\t<p>Design engineer <br>\r\nDesign \u2013 modeling <br> Structural calculation (FEA)<\/p>\n\t\t\t\t<\/div>\n\t\t\t\t\t\t\t\t\t\t\t\t\t<div class=\"bureau__card\">\n\n\t\t\t\t\t<img loading=\"lazy\" decoding=\"async\" width=\"150\" height=\"150\" src=\"https:\/\/antidote-solutions.com\/wp-content\/uploads\/2024\/02\/Nicolas-Berchotteau-portrait-150x150.png\" class=\"attachment-thumbnail size-thumbnail\" alt=\"\" srcset=\"https:\/\/antidote-solutions.com\/wp-content\/uploads\/2024\/02\/Nicolas-Berchotteau-portrait-150x150.png 150w, https:\/\/antidote-solutions.com\/wp-content\/uploads\/2024\/02\/Nicolas-Berchotteau-portrait-300x300.png 300w, https:\/\/antidote-solutions.com\/wp-content\/uploads\/2024\/02\/Nicolas-Berchotteau-portrait.png 412w\" sizes=\"auto, (max-width: 150px) 100vw, 150px\" \/>\t\t\t\t\t<h3>Nicolas Berchotteau<\/h3>\n\t\t\t\t\t<p>Product component manager <br>\r\nSourcing and strategy<\/p>\n\t\t\t\t<\/div>\n\t\t\t\t\t\t\t<\/ul>\n\t\t<\/div>\n\t<\/div>\n<\/section>\n\n\n\n<section class=\"bureau\">\n\t<div class=\"bureau__inner\">\n\t\t<div class=\"bureau__header grey\">\n\t\t\t<h2>operational team<\/h2>\n\t\t<\/div>\n\t\t<div class=\"bureau__cards\">\n\t\t\t<ul>\n\t\t\t\t\t\t\t\t\t\t\t\t\t<div class=\"bureau__card\">\n\n\t\t\t\t\t<img loading=\"lazy\" decoding=\"async\" width=\"150\" height=\"150\" src=\"https:\/\/antidote-solutions.com\/wp-content\/uploads\/2024\/02\/Laurent-Lamouricq-portrait-150x150.png\" class=\"attachment-thumbnail size-thumbnail\" alt=\"\" srcset=\"https:\/\/antidote-solutions.com\/wp-content\/uploads\/2024\/02\/Laurent-Lamouricq-portrait-150x150.png 150w, https:\/\/antidote-solutions.com\/wp-content\/uploads\/2024\/02\/Laurent-Lamouricq-portrait-300x300.png 300w, https:\/\/antidote-solutions.com\/wp-content\/uploads\/2024\/02\/Laurent-Lamouricq-portrait.png 412w\" sizes=\"auto, (max-width: 150px) 100vw, 150px\" \/>\t\t\t\t\t<h3>Laurent Lamouric<\/h3>\n\t\t\t\t\t<p>Design engineer<br>\r\nDesign &#8211; modeling &#8211; carbon manufacturing &#8211; founder of Loris Fibre<\/p>\n\t\t\t\t<\/div>\n\t\t\t\t\t\t\t\t\t\t\t\t\t<div class=\"bureau__card\">\n\n\t\t\t\t\t<img loading=\"lazy\" decoding=\"async\" width=\"150\" height=\"150\" src=\"https:\/\/antidote-solutions.com\/wp-content\/uploads\/2024\/02\/Philippe-Bonnefoy-portrait-150x150.png\" class=\"attachment-thumbnail size-thumbnail\" alt=\"\" srcset=\"https:\/\/antidote-solutions.com\/wp-content\/uploads\/2024\/02\/Philippe-Bonnefoy-portrait-150x150.png 150w, https:\/\/antidote-solutions.com\/wp-content\/uploads\/2024\/02\/Philippe-Bonnefoy-portrait-300x300.png 300w, https:\/\/antidote-solutions.com\/wp-content\/uploads\/2024\/02\/Philippe-Bonnefoy-portrait.png 412w\" sizes=\"auto, (max-width: 150px) 100vw, 150px\" \/>\t\t\t\t\t<h3>Philippe Bonnefoy<\/h3>\n\t\t\t\t\t<p>Product designer<br>\r\nDesign &#8211; modeling &#8211; founder of Atelier Mixture<\/p>\n\t\t\t\t<\/div>\n\t\t\t\t\t\t\t\t\t\t\t\t\t<div class=\"bureau__card\">\n\n\t\t\t\t\t<img loading=\"lazy\" decoding=\"async\" width=\"150\" height=\"150\" src=\"https:\/\/antidote-solutions.com\/wp-content\/uploads\/2024\/02\/Franck-Rodrigue-portrait-150x150.png\" class=\"attachment-thumbnail size-thumbnail\" alt=\"\" srcset=\"https:\/\/antidote-solutions.com\/wp-content\/uploads\/2024\/02\/Franck-Rodrigue-portrait-150x150.png 150w, https:\/\/antidote-solutions.com\/wp-content\/uploads\/2024\/02\/Franck-Rodrigue-portrait-300x300.png 300w, https:\/\/antidote-solutions.com\/wp-content\/uploads\/2024\/02\/Franck-Rodrigue-portrait.png 412w\" sizes=\"auto, (max-width: 150px) 100vw, 150px\" \/>\t\t\t\t\t<h3>Franck Rodrigue<\/h3>\n\t\t\t\t\t<p>Product designer<br>\r\nDesign \u2013 modeling<\/p>\n\t\t\t\t<\/div>\n\t\t\t\t\t\t\t\t\t\t\t\t\t<div class=\"bureau__card\">\n\n\t\t\t\t\t<img loading=\"lazy\" decoding=\"async\" width=\"150\" height=\"150\" src=\"https:\/\/antidote-solutions.com\/wp-content\/uploads\/2024\/02\/Benjamin-Fraysse-portrait-150x150.png\" class=\"attachment-thumbnail size-thumbnail\" alt=\"\" srcset=\"https:\/\/antidote-solutions.com\/wp-content\/uploads\/2024\/02\/Benjamin-Fraysse-portrait-150x150.png 150w, https:\/\/antidote-solutions.com\/wp-content\/uploads\/2024\/02\/Benjamin-Fraysse-portrait-300x300.png 300w, https:\/\/antidote-solutions.com\/wp-content\/uploads\/2024\/02\/Benjamin-Fraysse-portrait.png 412w\" sizes=\"auto, (max-width: 150px) 100vw, 150px\" \/>\t\t\t\t\t<h3>Benjamin Fraysse<\/h3>\n\t\t\t\t\t<p>Calculation engineer<br>\r\nStructural and vibratory studies &#8211; design <\/p>\n\t\t\t\t<\/div>\n\t\t\t\t\t\t\t\t\t\t\t\t\t<div class=\"bureau__card\">\n\n\t\t\t\t\t<img loading=\"lazy\" decoding=\"async\" width=\"150\" height=\"150\" src=\"https:\/\/antidote-solutions.com\/wp-content\/uploads\/2022\/07\/Helene-Sanseau-150x150.png\" class=\"attachment-thumbnail size-thumbnail\" alt=\"\" srcset=\"https:\/\/antidote-solutions.com\/wp-content\/uploads\/2022\/07\/Helene-Sanseau-150x150.png 150w, https:\/\/antidote-solutions.com\/wp-content\/uploads\/2022\/07\/Helene-Sanseau-300x300.png 300w, https:\/\/antidote-solutions.com\/wp-content\/uploads\/2022\/07\/Helene-Sanseau.png 412w\" sizes=\"auto, (max-width: 150px) 100vw, 150px\" \/>\t\t\t\t\t<h3>H\u00e9l\u00e8ne Sans\u00e9au<\/h3>\n\t\t\t\t\t<p>Communications consulting director<br>\r\nBranding &#8211; &#8220;go to market&#8221; strategy &#8211; working at Formo studio<\/p>\n\t\t\t\t<\/div>\n\t\t\t\t\t\t\t\t\t\t\t\t\t<div class=\"bureau__card\">\n\n\t\t\t\t\t<img loading=\"lazy\" decoding=\"async\" width=\"150\" height=\"150\" src=\"https:\/\/antidote-solutions.com\/wp-content\/uploads\/2022\/07\/Francois-Malbezin-150x150.png\" class=\"attachment-thumbnail size-thumbnail\" alt=\"\" srcset=\"https:\/\/antidote-solutions.com\/wp-content\/uploads\/2022\/07\/Francois-Malbezin-150x150.png 150w, https:\/\/antidote-solutions.com\/wp-content\/uploads\/2022\/07\/Francois-Malbezin-300x300.png 300w, https:\/\/antidote-solutions.com\/wp-content\/uploads\/2022\/07\/Francois-Malbezin.png 412w\" sizes=\"auto, (max-width: 150px) 100vw, 150px\" \/>\t\t\t\t\t<h3>Fran\u00e7ois Malbezin<\/h3>\n\t\t\t\t\t<p>Artistic director<br>\r\nBranding &#8211; visual identity &#8211; marketing &#8211; working at Formo studio<\/p>\n\t\t\t\t<\/div>\n\t\t\t\t\t\t\t\t\t\t\t\t\t<div class=\"bureau__card\">\n\n\t\t\t\t\t<img loading=\"lazy\" decoding=\"async\" width=\"150\" height=\"150\" src=\"https:\/\/antidote-solutions.com\/wp-content\/uploads\/2022\/12\/Simon-Andre-portrait-150x150.png\" class=\"attachment-thumbnail size-thumbnail\" alt=\"\" srcset=\"https:\/\/antidote-solutions.com\/wp-content\/uploads\/2022\/12\/Simon-Andre-portrait-150x150.png 150w, https:\/\/antidote-solutions.com\/wp-content\/uploads\/2022\/12\/Simon-Andre-portrait-300x300.png 300w, https:\/\/antidote-solutions.com\/wp-content\/uploads\/2022\/12\/Simon-Andre-portrait.png 412w\" sizes=\"auto, (max-width: 150px) 100vw, 150px\" \/>\t\t\t\t\t<h3>Simon Andr\u00e9<\/h3>\n\t\t\t\t\t<p>Test pilot<br>\r\nProduct strategy and testing<\/p>\n\t\t\t\t<\/div>\n\t\t\t\t\t\t\t\t\t\t\t\t\t<div class=\"bureau__card\">\n\n\t\t\t\t\t<img loading=\"lazy\" decoding=\"async\" width=\"150\" height=\"150\" src=\"https:\/\/antidote-solutions.com\/wp-content\/uploads\/2022\/07\/Edgar-Tournon-150x150.png\" class=\"attachment-thumbnail size-thumbnail\" alt=\"\" srcset=\"https:\/\/antidote-solutions.com\/wp-content\/uploads\/2022\/07\/Edgar-Tournon-150x150.png 150w, https:\/\/antidote-solutions.com\/wp-content\/uploads\/2022\/07\/Edgar-Tournon-300x300.png 300w, https:\/\/antidote-solutions.com\/wp-content\/uploads\/2022\/07\/Edgar-Tournon.png 412w\" sizes=\"auto, (max-width: 150px) 100vw, 150px\" \/>\t\t\t\t\t<h3>Edgar Tournon<\/h3>\n\t\t\t\t\t<p>Development engineer<br>\r\nElectric traction systems &#8211; vehicle development and fine-tuning<\/p>\n\t\t\t\t<\/div>\n\t\t\t\t\t\t\t\t\t\t\t\t\t<div class=\"bureau__card\">\n\n\t\t\t\t\t<img loading=\"lazy\" decoding=\"async\" width=\"150\" height=\"150\" src=\"https:\/\/antidote-solutions.com\/wp-content\/uploads\/2024\/12\/Francois-Chapotte-portrait-150x150.png\" class=\"attachment-thumbnail size-thumbnail\" alt=\"Fran\u00e7ois Chapotte\" srcset=\"https:\/\/antidote-solutions.com\/wp-content\/uploads\/2024\/12\/Francois-Chapotte-portrait-150x150.png 150w, https:\/\/antidote-solutions.com\/wp-content\/uploads\/2024\/12\/Francois-Chapotte-portrait-300x300.png 300w, https:\/\/antidote-solutions.com\/wp-content\/uploads\/2024\/12\/Francois-Chapotte-portrait-400x400.png 400w, https:\/\/antidote-solutions.com\/wp-content\/uploads\/2024\/12\/Francois-Chapotte-portrait.png 412w\" sizes=\"auto, (max-width: 150px) 100vw, 150px\" \/>\t\t\t\t\t<h3>Fran\u00e7ois Chapotte<\/h3>\n\t\t\t\t\t<p>Product designer<br>Design \u2013 modeling<\/p>\n\t\t\t\t<\/div>\n\t\t\t\t\t\t\t\t\t\t\t\t\t<div class=\"bureau__card\">\n\n\t\t\t\t\t<img loading=\"lazy\" decoding=\"async\" width=\"150\" height=\"150\" src=\"https:\/\/antidote-solutions.com\/wp-content\/uploads\/2024\/12\/Francois-Chapotte-portrait-150x150.png\" class=\"attachment-thumbnail size-thumbnail\" alt=\"Fran\u00e7ois Chapotte\" srcset=\"https:\/\/antidote-solutions.com\/wp-content\/uploads\/2024\/12\/Francois-Chapotte-portrait-150x150.png 150w, https:\/\/antidote-solutions.com\/wp-content\/uploads\/2024\/12\/Francois-Chapotte-portrait-300x300.png 300w, https:\/\/antidote-solutions.com\/wp-content\/uploads\/2024\/12\/Francois-Chapotte-portrait-400x400.png 400w, https:\/\/antidote-solutions.com\/wp-content\/uploads\/2024\/12\/Francois-Chapotte-portrait.png 412w\" sizes=\"auto, (max-width: 150px) 100vw, 150px\" \/>\t\t\t\t\t<h3><\/h3>\n\t\t\t\t\t<p><\/p>\n\t\t\t\t<\/div>\n\t\t\t\t\t\t\t<\/ul>\n\t\t<\/div>\n\t<\/div>\n<\/section>\n","protected":false},"excerpt":{"rendered":"","protected":false},"author":1,"featured_media":0,"parent":0,"menu_order":0,"comment_status":"closed","ping_status":"closed","template":"","meta":{"_acf_changed":false,"_seopress_robots_primary_cat":"","_seopress_titles_title":"","_seopress_titles_desc":"","_seopress_robots_index":"","inline_featured_image":false,"footnotes":""},"class_list":["post-1201","page","type-page","status-publish"],"acf":[],"_links":{"self":[{"href":"https:\/\/antidote-solutions.com\/en\/wp-json\/wp\/v2\/pages\/1201","targetHints":{"allow":["GET"]}}],"collection":[{"href":"https:\/\/antidote-solutions.com\/en\/wp-json\/wp\/v2\/pages"}],"about":[{"href":"https:\/\/antidote-solutions.com\/en\/wp-json\/wp\/v2\/types\/page"}],"author":[{"embeddable":true,"href":"https:\/\/antidote-solutions.com\/en\/wp-json\/wp\/v2\/users\/1"}],"replies":[{"embeddable":true,"href":"https:\/\/antidote-solutions.com\/en\/wp-json\/wp\/v2\/comments?post=1201"}],"version-history":[{"count":5,"href":"https:\/\/antidote-solutions.com\/en\/wp-json\/wp\/v2\/pages\/1201\/revisions"}],"predecessor-version":[{"id":2788,"href":"https:\/\/antidote-solutions.com\/en\/wp-json\/wp\/v2\/pages\/1201\/revisions\/2788"}],"wp:attachment":[{"href":"https:\/\/antidote-solutions.com\/en\/wp-json\/wp\/v2\/media?parent=1201"}],"curies":[{"name":"wp","href":"https:\/\/api.w.org\/{rel}","templated":true}]}}